{"id":2086,"date":"2020-04-03T12:01:39","date_gmt":"2020-04-03T10:01:39","guid":{"rendered":"https:\/\/relacjeinwestorskie.beta.kinotv.pl\/?page_id=2086"},"modified":"2021-01-22T10:32:09","modified_gmt":"2021-01-22T09:32:09","slug":"o-firmie","status":"publish","type":"page","link":"https:\/\/relacjeinwestorskie.kinopolska.pl\/en\/o-firmie\/","title":{"rendered":"Company info"},"content":{"rendered":"<div data-elementor-type=\"wp-page\" data-elementor-id=\"2086\" class=\"elementor elementor-2086\">\n\t\t\t\t\t\t<section class=\"elementor-section elementor-top-section elementor-element elementor-element-7ade8ae elementor-section-full_width elementor-section-height-default elementor-section-height-default\" data-id=\"7ade8ae\" data-element_type=\"section\" data-e-type=\"section\">\n\t\t\t\t\t\t<div class=\"elementor-container elementor-column-gap-default\">\n\t\t\t\t\t<div class=\"elementor-column elementor-col-100 elementor-top-column elementor-element elementor-element-1b1b104\" data-id=\"1b1b104\" data-element_type=\"column\" data-e-type=\"column\">\n\t\t\t<div class=\"elementor-widget-wrap elementor-element-populated\">\n\t\t\t\t\t\t<section class=\"elementor-section elementor-inner-section elementor-element elementor-element-3e1ae4f2 elementor-section-full_width elementor-section-height-default elementor-section-height-default\" data-id=\"3e1ae4f2\" data-element_type=\"section\" data-e-type=\"section\">\n\t\t\t\t\t\t<div class=\"elementor-container elementor-column-gap-extended\">\n\t\t\t\t\t<div class=\"elementor-column elementor-col-50 elementor-inner-column elementor-element elementor-element-40e4bad0\" data-id=\"40e4bad0\" data-element_type=\"column\" data-e-type=\"column\">\n\t\t\t<div class=\"elementor-widget-wrap elementor-element-populated\">\n\t\t\t\t\t\t<div class=\"elementor-element elementor-element-255e1583 font19medium elementor-widget elementor-widget-text-editor\" data-id=\"255e1583\" data-element_type=\"widget\" data-e-type=\"widget\" data-widget_type=\"text-editor.default\">\n\t\t\t\t<div class=\"elementor-widget-container\">\n\t\t\t\t\t\t\t\t\t<p class=\"font19medium\" style=\"text-align: justify;\">Kino Polska TV S.A. to nowoczesna, dynamicznie rozwijaj\u0105ca si\u0119 grupa medialna, pretenduj\u0105c\u0105 do miana czo\u0142owego gracza na rynku Europy \u015arodkowo-Wschodniej. G\u0142\u00f3wnymi ga\u0142\u0119ziami biznesowymi grupy s\u0105: emisja i produkcja kana\u0142\u00f3w telewizyjnych, dystrybucja, dzia\u0142alno\u015b\u0107 wydawnicza, produkcja filmowa, rekonstrukcja i archiwizacja dzie\u0142 polskiej kinematografii oraz Internet.<\/p>\t\t\t\t\t\t\t\t<\/div>\n\t\t\t\t<\/div>\n\t\t\t\t<div class=\"elementor-element elementor-element-1b05b919 elementor-widget elementor-widget-text-editor\" data-id=\"1b05b919\" data-element_type=\"widget\" data-e-type=\"widget\" data-widget_type=\"text-editor.default\">\n\t\t\t\t<div class=\"elementor-widget-container\">\n\t\t\t\t\t\t\t\t\t<p style=\"text-align: justify;\">W czerwcu 2003 roku powsta\u0142a Kino Polska TV Sp. z o.o., a w grudniu tego samego roku rozpocz\u0105\u0142 nadawanie jej pierwszy kana\u0142 telewizyjny, Telewizja Kino Polska. W 2007 roku wi\u0119kszo\u015bciowym udzia\u0142owcem Kino Polska TV Sp. z o.o. sta\u0142a si\u0119 SPI International Polska Sp. z o.o., kt\u00f3ra w nast\u0119pnym roku zosta\u0142a jej jedynym w\u0142a\u015bcicielem. W 2010 roku Kino Polska TV Sp. z o.o. zosta\u0142a przekszta\u0142cona w sp\u00f3\u0142k\u0119 akcyjn\u0105. Kino Polska TV S.A. zajmuje si\u0119 produkcj\u0105 i dystrybucj\u0105 Telewizji Kino Polska, zwyci\u0119zcy Telekamery Tele Tygodnia 2011 w kategorii Najlepszy kana\u0142 filmowy, dwukrotnie wyr\u00f3\u017cnionej presti\u017cow\u0105 nagrod\u0105 Hot Bird TV Award oraz nagrod\u0105 Polskiego Instytutu Sztuki Filmowej. Telewizja Kino Polska od wielu lat zajmuje czo\u0142owe miejsca w rankingach ogl\u0105dalno\u015bci kana\u0142\u00f3w tematycznych w Polsce. W 2011 roku oferta telewizyjna Sp\u00f3\u0142ki zosta\u0142a poszerzona o kana\u0142 Kino Polska Muzyka &#8211; prezentuj\u0105cy widzom tylko polsk\u0105 muzyk\u0119.<\/p><p>Sp\u00f3\u0142ka jest r\u00f3wnie\u017c producentem i dystrybutorem kana\u0142\u00f3w filmowych z rodziny FilmBox i kana\u0142\u00f3w tematycznych. Kana\u0142y te znajduj\u0105 si\u0119 w ofercie wszystkich licz\u0105cych si\u0119 polskich operator\u00f3w. Kino Polska TV S.A. produkuje te\u017c kana\u0142y na rynki zagraniczne.<\/p><p>Kolejn\u0105 ga\u0142\u0119zi\u0105 dzia\u0142alno\u015bci Kino Polska TV S.A. jest produkcja filmowa. Tylko w 2009 roku Telewizja Kino Polska wyprodukowa\u0142a nagrodzony nagrod\u0105 EFA (tzw. europejskim Oscarem), film kr\u00f3tkometra\u017cowy Hanoi-Warszawa w re\u017cyserii Katarzyny Klimkiewicz. Sukcesem okaza\u0142 si\u0119 r\u00f3wnie\u017c zrealizowany w koprodukcji z Telewizj\u0105 Kino Polska film Arkadiusza Jakubika Prosta historia o mi\u0142o\u015bci, wyr\u00f3\u017cniony nagrod\u0105 g\u0142\u00f3wn\u0105 w Konkursie Kina Niezale\u017cnego na 35. Festiwalu Polskich Film\u00f3w Fabularnych w Gdyni.<\/p>\t\t\t\t\t\t\t\t<\/div>\n\t\t\t\t<\/div>\n\t\t\t\t\t<\/div>\n\t\t<\/div>\n\t\t\t\t<div class=\"elementor-column elementor-col-50 elementor-inner-column elementor-element elementor-element-79224082\" data-id=\"79224082\" data-element_type=\"column\" data-e-type=\"column\">\n\t\t\t<div class=\"elementor-widget-wrap elementor-element-populated\">\n\t\t\t\t\t\t<div class=\"elementor-element elementor-element-69dd0bb8 elementor-widget elementor-widget-text-editor\" data-id=\"69dd0bb8\" data-element_type=\"widget\" data-e-type=\"widget\" data-widget_type=\"text-editor.default\">\n\t\t\t\t<div class=\"elementor-widget-container\">\n\t\t\t\t\t\t\t\t\t<p style=\"text-align: justify;\">Z kolei inna koprodukcja Telewizji Kino Polska \u2013 film kr\u00f3tkometra\u017cowy \u201eNajpi\u0119kniejsze fajerwerki ever\u201d Aleksandry Terpi\u0144skiej \u2013 w 2017 roku zdoby\u0142a a\u017c dwie nagrody na Mi\u0119dzynarodowym Festiwalu Filmowym w Cannes: nagrod\u0119 Canal+ dla kr\u00f3tkiego metra\u017cu oraz Rail d\u2019Or dla najlepszego filmu kr\u00f3tkometra\u017cowego sekcji 56. Semaine de la Critique, czyli Tygodnia Krytyki. Film \u201eNajpi\u0119kniejsze fajerwerki ever\u201d powsta\u0142 we wsp\u00f3\u0142pracy ze Studiem Munka \u2013 SFP, Studiem Filmowym TOR i Krajow\u0105 Izb\u0105 Producent\u00f3w Audiowizualnych w ramach zorganizowanego przez Telewizj\u0119 Kino Polska konkursu scenariuszowego z okazji Roku Kie\u015blowskiego.<\/p><p style=\"text-align: justify;\">Powsta\u0142e w 2008 roku Wydawnictwo Telewizji Kino Polska z sukcesem kontynuuje misj\u0119 stacji na rynku DVD. Za swoj\u0105 dzia\u0142alno\u015b\u0107 zosta\u0142o uhonorowane nagrod\u0105 Polskiego Instytutu Sztuki Filmowej.<\/p><p style=\"text-align: justify;\">Kino Polska TV S.A. to tak\u017ce w\u0142a\u015bciciel 97,76% udzia\u0142\u00f3w w Stopklatka S.A. \u2013 nadawcy pierwszego og\u00f3lnodost\u0119pnego kana\u0142u filmowego Stopklatka TV. W lipcu 2010 roku Stopklatka S.A. zadebiutowa\u0142a na rynku New Connect.<\/p><p style=\"text-align: justify;\">Kino Polska TV S.A. jest r\u00f3wnie\u017c nadawc\u0105 og\u00f3lnopolskiego kana\u0142u telewizyjnego Zoom TV, kt\u00f3ry nadaje od pa\u017adziernika 2016 roku. Stacja jest dost\u0119pna na \u00f3smym multipleksie telewizji naziemnej oraz w ofercie najwi\u0119kszych operator\u00f3w kablowych i satelitarnych.<\/p><p style=\"text-align: justify;\">Zoom TV to stacja o charakterze informacyjno-lifestylowym. Jej bogata oferta programowa obejmuje interesuj\u0105ce reporta\u017ce i wiadomo\u015bci z region\u00f3w, ciekawe programy publicystyczne, dokumentalne i rozrywkowe, wci\u0105gaj\u0105ce seriale oraz polskie i \u015bwiatowe hity filmowe.<\/p><p style=\"text-align: justify;\">W czerwcu 2018 r. Kino Polska TV S.A. po\u0142\u0105czy\u0142\u0105 si\u0119 ze swoimi sp\u00f3\u0142kami zale\u017cnymi, mi\u0119dzy innymi z Cyfrowym Repozytorium Filmowym Sp. z o.o. Dzi\u0119ki temu Kino Polska TV S.A. rozszerzy\u0142a swoj\u0105 aktywno\u015b\u0107 biznesow\u0105 o rekonstrukcj\u0119 i archiwizacj\u0119 dzie\u0142 polskiej kinematografii. Sp\u00f3\u0142ka zajmuje si\u0119 nadzorem i koordynacj\u0105 digitalizacji i cyfrowych rekonstrukcji film\u00f3w oraz ich archiwizacj\u0105 jak r\u00f3wnie\u017c dystrybucj\u0105 praw filmowych. Inwestycja ta umo\u017cliwia Grupie dost\u0119p do kopii polskich film\u00f3w w jako\u015bci HD. Zrekonstruowane tytu\u0142y mog\u0105 by\u0107 wykorzystywane tak\u017ce na innych polach eksploatacji, takich jak: dystrybucja kinowa, us\u0142ugi Video on Demand, jak r\u00f3wnie\u017c wydawnictwa DVD i Blu-ray.<\/p>\t\t\t\t\t\t\t\t<\/div>\n\t\t\t\t<\/div>\n\t\t\t\t\t<\/div>\n\t\t<\/div>\n\t\t\t\t\t<\/div>\n\t\t<\/section>\n\t\t\t\t\t<\/div>\n\t\t<\/div>\n\t\t\t\t\t<\/div>\n\t\t<\/section>\n\t\t\t\t<\/div>","protected":false},"excerpt":{"rendered":"<p>Kino Polska TV S.A. to nowoczesna, dynamicznie rozwijaj\u0105ca si\u0119 grupa medialna, pretenduj\u0105c\u0105 do miana czo\u0142owego gracza na rynku Europy \u015arodkowo-Wschodniej. G\u0142\u00f3wnymi ga\u0142\u0119ziami biznesowymi grupy s\u0105: emisja i produkcja kana\u0142\u00f3w telewizyjnych, dystrybucja, dzia\u0142alno\u015b\u0107 wydawnicza, produkcja filmowa, rekonstrukcja i archiwizacja dzie\u0142 polskiej kinematografii oraz Internet. W czerwcu 2003 roku powsta\u0142a Kino Polska TV Sp. z o.o., a<a class=\"excerpt-read-more\" href=\"https:\/\/relacjeinwestorskie.kinopolska.pl\/en\/o-firmie\/\" title=\"ReadO firmie\">&#8230; Read more &raquo;<\/a><\/p>","protected":false},"author":2,"featured_media":0,"parent":0,"menu_order":0,"comment_status":"closed","ping_status":"closed","template":"template-static.php","meta":{"footnotes":""},"class_list":["post-2086","page","type-page","status-publish","hentry"],"yoast_head":"<!-- This site is optimized with the Yoast SEO plugin v27.4 - https:\/\/yoast.com\/product\/yoast-seo-wordpress\/ -->\n<title>O firmie - Relacje inwestorskie Kino Polska<\/title>\n<meta name=\"description\" content=\"O firmie . Wi\u0119cej informacji na oficjalnej stronie. Sprawd\u017a tutaj.\" \/>\n<meta name=\"robots\" content=\"index, follow, max-snippet:-1, max-image-preview:large, max-video-preview:-1\" \/>\n<link rel=\"canonical\" href=\"https:\/\/relacjeinwestorskie.kinopolska.pl\/en\/o-firmie\/\" \/>\n<meta property=\"og:locale\" content=\"en_US\" \/>\n<meta property=\"og:type\" content=\"article\" \/>\n<meta property=\"og:title\" content=\"O firmie - Relacje inwestorskie Kino Polska\" \/>\n<meta property=\"og:description\" content=\"O firmie . Wi\u0119cej informacji na oficjalnej stronie. Sprawd\u017a tutaj.\" \/>\n<meta property=\"og:url\" content=\"https:\/\/relacjeinwestorskie.kinopolska.pl\/en\/o-firmie\/\" \/>\n<meta property=\"og:site_name\" content=\"Relacje inwestorskie - Kino Polska\" \/>\n<meta property=\"article:modified_time\" content=\"2021-01-22T09:32:09+00:00\" \/>\n<meta name=\"twitter:card\" content=\"summary_large_image\" \/>\n<meta name=\"twitter:label1\" content=\"Est. reading time\" \/>\n\t<meta name=\"twitter:data1\" content=\"3 minutes\" \/>\n<script type=\"application\/ld+json\" class=\"yoast-schema-graph\">{\"@context\":\"https:\\\/\\\/schema.org\",\"@graph\":[{\"@type\":\"WebPage\",\"@id\":\"https:\\\/\\\/relacjeinwestorskie.kinopolska.pl\\\/o-firmie\\\/\",\"url\":\"https:\\\/\\\/relacjeinwestorskie.kinopolska.pl\\\/o-firmie\\\/\",\"name\":\"O firmie - Relacje inwestorskie Kino Polska\",\"isPartOf\":{\"@id\":\"https:\\\/\\\/relacjeinwestorskie.kinopolska.pl\\\/#website\"},\"datePublished\":\"2020-04-03T10:01:39+00:00\",\"dateModified\":\"2021-01-22T09:32:09+00:00\",\"description\":\"O firmie . Wi\u0119cej informacji na oficjalnej stronie. Sprawd\u017a tutaj.\",\"breadcrumb\":{\"@id\":\"https:\\\/\\\/relacjeinwestorskie.kinopolska.pl\\\/o-firmie\\\/#breadcrumb\"},\"inLanguage\":\"en-US\",\"potentialAction\":[{\"@type\":\"ReadAction\",\"target\":[\"https:\\\/\\\/relacjeinwestorskie.kinopolska.pl\\\/o-firmie\\\/\"]}]},{\"@type\":\"BreadcrumbList\",\"@id\":\"https:\\\/\\\/relacjeinwestorskie.kinopolska.pl\\\/o-firmie\\\/#breadcrumb\",\"itemListElement\":[{\"@type\":\"ListItem\",\"position\":1,\"name\":\"Strona g\u0142\u00f3wna\",\"item\":\"https:\\\/\\\/relacjeinwestorskie.kinopolska.pl\\\/\"},{\"@type\":\"ListItem\",\"position\":2,\"name\":\"O&nbsp;firmie\"}]},{\"@type\":\"WebSite\",\"@id\":\"https:\\\/\\\/relacjeinwestorskie.kinopolska.pl\\\/#website\",\"url\":\"https:\\\/\\\/relacjeinwestorskie.kinopolska.pl\\\/\",\"name\":\"Relacje inwestorskie - Kino Polska\",\"description\":\"Kolejna witryna sieci &#8222;Kino Polska - Telewizja dla 38 milion\u00f3w Polak\u00f3w Witryn&#8221;\",\"potentialAction\":[{\"@type\":\"SearchAction\",\"target\":{\"@type\":\"EntryPoint\",\"urlTemplate\":\"https:\\\/\\\/relacjeinwestorskie.kinopolska.pl\\\/?s={search_term_string}\"},\"query-input\":{\"@type\":\"PropertyValueSpecification\",\"valueRequired\":true,\"valueName\":\"search_term_string\"}}],\"inLanguage\":\"en-US\"}]}<\/script>\n<!-- \/ Yoast SEO plugin. -->","yoast_head_json":{"title":"O firmie - Relacje inwestorskie Kino Polska","description":"O firmie . Wi\u0119cej informacji na oficjalnej stronie. Sprawd\u017a tutaj.","robots":{"index":"index","follow":"follow","max-snippet":"max-snippet:-1","max-image-preview":"max-image-preview:large","max-video-preview":"max-video-preview:-1"},"canonical":"https:\/\/relacjeinwestorskie.kinopolska.pl\/en\/o-firmie\/","og_locale":"en_US","og_type":"article","og_title":"O firmie - Relacje inwestorskie Kino Polska","og_description":"O firmie . Wi\u0119cej informacji na oficjalnej stronie. Sprawd\u017a tutaj.","og_url":"https:\/\/relacjeinwestorskie.kinopolska.pl\/en\/o-firmie\/","og_site_name":"Relacje inwestorskie - Kino Polska","article_modified_time":"2021-01-22T09:32:09+00:00","twitter_card":"summary_large_image","twitter_misc":{"Est. reading time":"3 minutes"},"schema":{"@context":"https:\/\/schema.org","@graph":[{"@type":"WebPage","@id":"https:\/\/relacjeinwestorskie.kinopolska.pl\/o-firmie\/","url":"https:\/\/relacjeinwestorskie.kinopolska.pl\/o-firmie\/","name":"O firmie - Relacje inwestorskie Kino Polska","isPartOf":{"@id":"https:\/\/relacjeinwestorskie.kinopolska.pl\/#website"},"datePublished":"2020-04-03T10:01:39+00:00","dateModified":"2021-01-22T09:32:09+00:00","description":"O firmie . Wi\u0119cej informacji na oficjalnej stronie. Sprawd\u017a tutaj.","breadcrumb":{"@id":"https:\/\/relacjeinwestorskie.kinopolska.pl\/o-firmie\/#breadcrumb"},"inLanguage":"en-US","potentialAction":[{"@type":"ReadAction","target":["https:\/\/relacjeinwestorskie.kinopolska.pl\/o-firmie\/"]}]},{"@type":"BreadcrumbList","@id":"https:\/\/relacjeinwestorskie.kinopolska.pl\/o-firmie\/#breadcrumb","itemListElement":[{"@type":"ListItem","position":1,"name":"Strona g\u0142\u00f3wna","item":"https:\/\/relacjeinwestorskie.kinopolska.pl\/"},{"@type":"ListItem","position":2,"name":"O&nbsp;firmie"}]},{"@type":"WebSite","@id":"https:\/\/relacjeinwestorskie.kinopolska.pl\/#website","url":"https:\/\/relacjeinwestorskie.kinopolska.pl\/","name":"Relacje inwestorskie - Kino Polska","description":"Kolejna witryna sieci &#8222;Kino Polska - Telewizja dla 38 milion\u00f3w Polak\u00f3w Witryn&#8221;","potentialAction":[{"@type":"SearchAction","target":{"@type":"EntryPoint","urlTemplate":"https:\/\/relacjeinwestorskie.kinopolska.pl\/?s={search_term_string}"},"query-input":{"@type":"PropertyValueSpecification","valueRequired":true,"valueName":"search_term_string"}}],"inLanguage":"en-US"}]}},"_links":{"self":[{"href":"https:\/\/relacjeinwestorskie.kinopolska.pl\/en\/wp-json\/wp\/v2\/pages\/2086","targetHints":{"allow":["GET"]}}],"collection":[{"href":"https:\/\/relacjeinwestorskie.kinopolska.pl\/en\/wp-json\/wp\/v2\/pages"}],"about":[{"href":"https:\/\/relacjeinwestorskie.kinopolska.pl\/en\/wp-json\/wp\/v2\/types\/page"}],"author":[{"embeddable":true,"href":"https:\/\/relacjeinwestorskie.kinopolska.pl\/en\/wp-json\/wp\/v2\/users\/2"}],"replies":[{"embeddable":true,"href":"https:\/\/relacjeinwestorskie.kinopolska.pl\/en\/wp-json\/wp\/v2\/comments?post=2086"}],"version-history":[{"count":0,"href":"https:\/\/relacjeinwestorskie.kinopolska.pl\/en\/wp-json\/wp\/v2\/pages\/2086\/revisions"}],"wp:attachment":[{"href":"https:\/\/relacjeinwestorskie.kinopolska.pl\/en\/wp-json\/wp\/v2\/media?parent=2086"}],"curies":[{"name":"wp","href":"https:\/\/api.w.org\/{rel}","templated":true}]}}