{"id":2160,"date":"2020-04-06T14:15:12","date_gmt":"2020-04-06T12:15:12","guid":{"rendered":"https:\/\/relacjeinwestorskie.beta.kinotv.pl\/?page_id=2160"},"modified":"2020-07-10T08:34:32","modified_gmt":"2020-07-10T06:34:32","slug":"kontakt","status":"publish","type":"page","link":"https:\/\/relacjeinwestorskie.kinopolska.pl\/en\/kontakt\/","title":{"rendered":"Contact"},"content":{"rendered":"<div data-elementor-type=\"wp-page\" data-elementor-id=\"2160\" class=\"elementor elementor-2160\">\n\t\t\t\t\t\t<section class=\"elementor-section elementor-top-section elementor-element elementor-element-b3ff4f5 elementor-section-boxed elementor-section-height-default elementor-section-height-default\" data-id=\"b3ff4f5\" data-element_type=\"section\" data-e-type=\"section\">\n\t\t\t\t\t\t<div class=\"elementor-container elementor-column-gap-default\">\n\t\t\t\t\t<div class=\"elementor-column elementor-col-100 elementor-top-column elementor-element elementor-element-27963fd\" data-id=\"27963fd\" data-element_type=\"column\" data-e-type=\"column\">\n\t\t\t<div class=\"elementor-widget-wrap elementor-element-populated\">\n\t\t\t\t\t\t<section class=\"elementor-section elementor-inner-section elementor-element elementor-element-70fd5cb elementor-section-boxed elementor-section-height-default elementor-section-height-default\" data-id=\"70fd5cb\" data-element_type=\"section\" data-e-type=\"section\">\n\t\t\t\t\t\t<div class=\"elementor-container elementor-column-gap-default\">\n\t\t\t\t\t<div class=\"elementor-column elementor-col-50 elementor-inner-column elementor-element elementor-element-ff3ad82\" data-id=\"ff3ad82\" data-element_type=\"column\" data-e-type=\"column\">\n\t\t\t<div class=\"elementor-widget-wrap elementor-element-populated\">\n\t\t\t\t\t\t<div class=\"elementor-element elementor-element-7e177f2f elementor-widget elementor-widget-text-editor\" data-id=\"7e177f2f\" data-element_type=\"widget\" data-e-type=\"widget\" data-widget_type=\"text-editor.default\">\n\t\t\t\t<div class=\"elementor-widget-container\">\n\t\t\t\t\t\t\t\t\t<p>KINO POLSKA TV S.A.<\/p><p>ul. Pu\u0142awska 435A<br \/>02-801 Warszawa<\/p><p>tel: + 48 22 356 74 00<br \/>fax: + 48 22 356 74 01<\/p>\t\t\t\t\t\t\t\t<\/div>\n\t\t\t\t<\/div>\n\t\t\t\t\t<\/div>\n\t\t<\/div>\n\t\t\t\t<div class=\"elementor-column elementor-col-50 elementor-inner-column elementor-element elementor-element-4b0d4b08\" data-id=\"4b0d4b08\" data-element_type=\"column\" data-e-type=\"column\">\n\t\t\t<div class=\"elementor-widget-wrap elementor-element-populated\">\n\t\t\t\t\t\t<div class=\"elementor-element elementor-element-606dbe84 elementor-widget elementor-widget-text-editor\" data-id=\"606dbe84\" data-element_type=\"widget\" data-e-type=\"widget\" data-widget_type=\"text-editor.default\">\n\t\t\t\t<div class=\"elementor-widget-container\">\n\t\t\t\t\t\t\t\t\t<p>Marta Kruk-Bogusz\u00a0<br \/>Manager ds. Relacji Inwestorskich i Biura Zarz\u0105du<\/p><p><a href=\"mailto:mbogusz@kinopolska.pl\">MBOGUSZ@KINOPOLSKA.PL<\/a><\/p>\t\t\t\t\t\t\t\t<\/div>\n\t\t\t\t<\/div>\n\t\t\t\t\t<\/div>\n\t\t<\/div>\n\t\t\t\t\t<\/div>\n\t\t<\/section>\n\t\t\t\t\t<\/div>\n\t\t<\/div>\n\t\t\t\t\t<\/div>\n\t\t<\/section>\n\t\t\t\t<\/div>","protected":false},"excerpt":{"rendered":"<p>KINO POLSKA TV S.A. ul. Pu\u0142awska 435A 02-801 Warszawa tel: + 48 22 356 74 00 fax: + 48 22 356 74 01 Marta Kruk-Bogusz Manager ds. Relacji Inwestorskich i Biura Zarz\u0105du MBOGUSZ@KINOPOLSKA.PL<\/p>","protected":false},"author":2,"featured_media":0,"parent":0,"menu_order":0,"comment_status":"closed","ping_status":"closed","template":"template-static.php","meta":{"footnotes":""},"class_list":["post-2160","page","type-page","status-publish","hentry"],"yoast_head":"<!-- This site is optimized with the Yoast SEO plugin v27.4 - https:\/\/yoast.com\/product\/yoast-seo-wordpress\/ -->\n<title>Skontaktuj si\u0119 z nami - Relacje inwestorskie Kino Polska<\/title>\n<meta name=\"description\" content=\"Kontakt. Wi\u0119cej informacji na oficjalnej stronie. Sprawd\u017a tutaj.\" \/>\n<meta name=\"robots\" content=\"index, follow, max-snippet:-1, max-image-preview:large, max-video-preview:-1\" \/>\n<link rel=\"canonical\" href=\"https:\/\/relacjeinwestorskie.kinopolska.pl\/en\/kontakt\/\" \/>\n<meta property=\"og:locale\" content=\"en_US\" \/>\n<meta property=\"og:type\" content=\"article\" \/>\n<meta property=\"og:title\" content=\"Skontaktuj si\u0119 z nami - Relacje inwestorskie Kino Polska\" \/>\n<meta property=\"og:description\" content=\"Kontakt. Wi\u0119cej informacji na oficjalnej stronie. Sprawd\u017a tutaj.\" \/>\n<meta property=\"og:url\" content=\"https:\/\/relacjeinwestorskie.kinopolska.pl\/en\/kontakt\/\" \/>\n<meta property=\"og:site_name\" content=\"Relacje inwestorskie - Kino Polska\" \/>\n<meta property=\"article:modified_time\" content=\"2020-07-10T06:34:32+00:00\" \/>\n<meta name=\"twitter:card\" content=\"summary_large_image\" \/>\n<script type=\"application\/ld+json\" class=\"yoast-schema-graph\">{\"@context\":\"https:\\\/\\\/schema.org\",\"@graph\":[{\"@type\":\"WebPage\",\"@id\":\"https:\\\/\\\/relacjeinwestorskie.kinopolska.pl\\\/kontakt\\\/\",\"url\":\"https:\\\/\\\/relacjeinwestorskie.kinopolska.pl\\\/kontakt\\\/\",\"name\":\"Skontaktuj si\u0119 z nami - Relacje inwestorskie Kino Polska\",\"isPartOf\":{\"@id\":\"https:\\\/\\\/relacjeinwestorskie.kinopolska.pl\\\/#website\"},\"datePublished\":\"2020-04-06T12:15:12+00:00\",\"dateModified\":\"2020-07-10T06:34:32+00:00\",\"description\":\"Kontakt. Wi\u0119cej informacji na oficjalnej stronie. Sprawd\u017a tutaj.\",\"breadcrumb\":{\"@id\":\"https:\\\/\\\/relacjeinwestorskie.kinopolska.pl\\\/kontakt\\\/#breadcrumb\"},\"inLanguage\":\"en-US\",\"potentialAction\":[{\"@type\":\"ReadAction\",\"target\":[\"https:\\\/\\\/relacjeinwestorskie.kinopolska.pl\\\/kontakt\\\/\"]}]},{\"@type\":\"BreadcrumbList\",\"@id\":\"https:\\\/\\\/relacjeinwestorskie.kinopolska.pl\\\/kontakt\\\/#breadcrumb\",\"itemListElement\":[{\"@type\":\"ListItem\",\"position\":1,\"name\":\"Strona g\u0142\u00f3wna\",\"item\":\"https:\\\/\\\/relacjeinwestorskie.kinopolska.pl\\\/\"},{\"@type\":\"ListItem\",\"position\":2,\"name\":\"Kontakt\"}]},{\"@type\":\"WebSite\",\"@id\":\"https:\\\/\\\/relacjeinwestorskie.kinopolska.pl\\\/#website\",\"url\":\"https:\\\/\\\/relacjeinwestorskie.kinopolska.pl\\\/\",\"name\":\"Relacje inwestorskie - Kino Polska\",\"description\":\"Kolejna witryna sieci &#8222;Kino Polska - Telewizja dla 38 milion\u00f3w Polak\u00f3w Witryn&#8221;\",\"potentialAction\":[{\"@type\":\"SearchAction\",\"target\":{\"@type\":\"EntryPoint\",\"urlTemplate\":\"https:\\\/\\\/relacjeinwestorskie.kinopolska.pl\\\/?s={search_term_string}\"},\"query-input\":{\"@type\":\"PropertyValueSpecification\",\"valueRequired\":true,\"valueName\":\"search_term_string\"}}],\"inLanguage\":\"en-US\"}]}<\/script>\n<!-- \/ Yoast SEO plugin. -->","yoast_head_json":{"title":"Skontaktuj si\u0119 z nami - Relacje inwestorskie Kino Polska","description":"Kontakt. Wi\u0119cej informacji na oficjalnej stronie. Sprawd\u017a tutaj.","robots":{"index":"index","follow":"follow","max-snippet":"max-snippet:-1","max-image-preview":"max-image-preview:large","max-video-preview":"max-video-preview:-1"},"canonical":"https:\/\/relacjeinwestorskie.kinopolska.pl\/en\/kontakt\/","og_locale":"en_US","og_type":"article","og_title":"Skontaktuj si\u0119 z nami - Relacje inwestorskie Kino Polska","og_description":"Kontakt. Wi\u0119cej informacji na oficjalnej stronie. Sprawd\u017a tutaj.","og_url":"https:\/\/relacjeinwestorskie.kinopolska.pl\/en\/kontakt\/","og_site_name":"Relacje inwestorskie - Kino Polska","article_modified_time":"2020-07-10T06:34:32+00:00","twitter_card":"summary_large_image","schema":{"@context":"https:\/\/schema.org","@graph":[{"@type":"WebPage","@id":"https:\/\/relacjeinwestorskie.kinopolska.pl\/kontakt\/","url":"https:\/\/relacjeinwestorskie.kinopolska.pl\/kontakt\/","name":"Skontaktuj si\u0119 z nami - Relacje inwestorskie Kino Polska","isPartOf":{"@id":"https:\/\/relacjeinwestorskie.kinopolska.pl\/#website"},"datePublished":"2020-04-06T12:15:12+00:00","dateModified":"2020-07-10T06:34:32+00:00","description":"Kontakt. Wi\u0119cej informacji na oficjalnej stronie. Sprawd\u017a tutaj.","breadcrumb":{"@id":"https:\/\/relacjeinwestorskie.kinopolska.pl\/kontakt\/#breadcrumb"},"inLanguage":"en-US","potentialAction":[{"@type":"ReadAction","target":["https:\/\/relacjeinwestorskie.kinopolska.pl\/kontakt\/"]}]},{"@type":"BreadcrumbList","@id":"https:\/\/relacjeinwestorskie.kinopolska.pl\/kontakt\/#breadcrumb","itemListElement":[{"@type":"ListItem","position":1,"name":"Strona g\u0142\u00f3wna","item":"https:\/\/relacjeinwestorskie.kinopolska.pl\/"},{"@type":"ListItem","position":2,"name":"Kontakt"}]},{"@type":"WebSite","@id":"https:\/\/relacjeinwestorskie.kinopolska.pl\/#website","url":"https:\/\/relacjeinwestorskie.kinopolska.pl\/","name":"Relacje inwestorskie - Kino Polska","description":"Kolejna witryna sieci &#8222;Kino Polska - Telewizja dla 38 milion\u00f3w Polak\u00f3w Witryn&#8221;","potentialAction":[{"@type":"SearchAction","target":{"@type":"EntryPoint","urlTemplate":"https:\/\/relacjeinwestorskie.kinopolska.pl\/?s={search_term_string}"},"query-input":{"@type":"PropertyValueSpecification","valueRequired":true,"valueName":"search_term_string"}}],"inLanguage":"en-US"}]}},"_links":{"self":[{"href":"https:\/\/relacjeinwestorskie.kinopolska.pl\/en\/wp-json\/wp\/v2\/pages\/2160","targetHints":{"allow":["GET"]}}],"collection":[{"href":"https:\/\/relacjeinwestorskie.kinopolska.pl\/en\/wp-json\/wp\/v2\/pages"}],"about":[{"href":"https:\/\/relacjeinwestorskie.kinopolska.pl\/en\/wp-json\/wp\/v2\/types\/page"}],"author":[{"embeddable":true,"href":"https:\/\/relacjeinwestorskie.kinopolska.pl\/en\/wp-json\/wp\/v2\/users\/2"}],"replies":[{"embeddable":true,"href":"https:\/\/relacjeinwestorskie.kinopolska.pl\/en\/wp-json\/wp\/v2\/comments?post=2160"}],"version-history":[{"count":0,"href":"https:\/\/relacjeinwestorskie.kinopolska.pl\/en\/wp-json\/wp\/v2\/pages\/2160\/revisions"}],"wp:attachment":[{"href":"https:\/\/relacjeinwestorskie.kinopolska.pl\/en\/wp-json\/wp\/v2\/media?parent=2160"}],"curies":[{"name":"wp","href":"https:\/\/api.w.org\/{rel}","templated":true}]}}