{"id":2230,"date":"2020-04-10T11:33:30","date_gmt":"2020-04-10T09:33:30","guid":{"rendered":"https:\/\/relacjeinwestorskie.beta.kinotv.pl\/?page_id=2230"},"modified":"2020-07-10T08:33:42","modified_gmt":"2020-07-10T06:33:42","slug":"kontakt-dla-mediow","status":"publish","type":"page","link":"https:\/\/relacjeinwestorskie.kinopolska.pl\/en\/kontakt-dla-mediow\/","title":{"rendered":"Contact for the media"},"content":{"rendered":"<div data-elementor-type=\"wp-page\" data-elementor-id=\"2230\" class=\"elementor elementor-2230\">\n\t\t\t\t\t\t<section class=\"elementor-section elementor-top-section elementor-element elementor-element-4460e262 elementor-section-boxed elementor-section-height-default elementor-section-height-default\" data-id=\"4460e262\" data-element_type=\"section\" data-e-type=\"section\">\n\t\t\t\t\t\t<div class=\"elementor-container elementor-column-gap-default\">\n\t\t\t\t\t<div class=\"elementor-column elementor-col-100 elementor-top-column elementor-element elementor-element-7a3e8d53\" data-id=\"7a3e8d53\" data-element_type=\"column\" data-e-type=\"column\">\n\t\t\t<div class=\"elementor-widget-wrap elementor-element-populated\">\n\t\t\t\t\t\t<section class=\"elementor-section elementor-inner-section elementor-element elementor-element-4162222d elementor-section-boxed elementor-section-height-default elementor-section-height-default\" data-id=\"4162222d\" data-element_type=\"section\" data-e-type=\"section\">\n\t\t\t\t\t\t<div class=\"elementor-container elementor-column-gap-default\">\n\t\t\t\t\t<div class=\"elementor-column elementor-col-50 elementor-inner-column elementor-element elementor-element-60ba0c6b\" data-id=\"60ba0c6b\" data-element_type=\"column\" data-e-type=\"column\">\n\t\t\t<div class=\"elementor-widget-wrap elementor-element-populated\">\n\t\t\t\t\t\t<div class=\"elementor-element elementor-element-9c01a72 elementor-widget elementor-widget-text-editor\" data-id=\"9c01a72\" data-element_type=\"widget\" data-e-type=\"widget\" data-widget_type=\"text-editor.default\">\n\t\t\t\t<div class=\"elementor-widget-container\">\n\t\t\t\t\t\t\t\t\t<p>KINO POLSKA TV S.A.<\/p><p>ul. Pu\u0142awska 435A<br \/>02-801 Warszawa<\/p><p>tel: + 48 22 356 74 00<br \/>fax: + 48 22 356 74 01<\/p><p><a href=\"mailto:mbogusz@kinopolska.pl\" target=\"_blank\" rel=\"noopener\">INWESTORZY@KINOPOLSKA.PL<\/a><\/p>\t\t\t\t\t\t\t\t<\/div>\n\t\t\t\t<\/div>\n\t\t\t\t\t<\/div>\n\t\t<\/div>\n\t\t\t\t<div class=\"elementor-column elementor-col-50 elementor-inner-column elementor-element elementor-element-10a2698f\" data-id=\"10a2698f\" data-element_type=\"column\" data-e-type=\"column\">\n\t\t\t<div class=\"elementor-widget-wrap elementor-element-populated\">\n\t\t\t\t\t\t<div class=\"elementor-element elementor-element-2f774c63 elementor-widget elementor-widget-text-editor\" data-id=\"2f774c63\" data-element_type=\"widget\" data-e-type=\"widget\" data-widget_type=\"text-editor.default\">\n\t\t\t\t<div class=\"elementor-widget-container\">\n\t\t\t\t\t\t\t\t\t<p>Marta Kruk-Bogusz\u00a0<br \/>Manager ds. controllingu i relacji inwestorskich<\/p><p><a href=\"mailto:mbogusz@kinopolska.pl\">MBOGUSZ@KINOPOLSKA.PL<\/a><\/p>\t\t\t\t\t\t\t\t<\/div>\n\t\t\t\t<\/div>\n\t\t\t\t\t<\/div>\n\t\t<\/div>\n\t\t\t\t\t<\/div>\n\t\t<\/section>\n\t\t\t\t\t<\/div>\n\t\t<\/div>\n\t\t\t\t\t<\/div>\n\t\t<\/section>\n\t\t\t\t<\/div>","protected":false},"excerpt":{"rendered":"<p>KINO POLSKA TV S.A. ul. Pu\u0142awska 435A 02-801 Warszawa tel: + 48 22 356 74 00 fax: + 48 22 356 74 01 INWESTORZY@KINOPOLSKA.PL Marta Kruk-Bogusz Manager ds. controllingu i relacji inwestorskich MBOGUSZ@KINOPOLSKA.PL<\/p>","protected":false},"author":2,"featured_media":0,"parent":0,"menu_order":0,"comment_status":"closed","ping_status":"closed","template":"template-static.php","meta":{"footnotes":""},"class_list":["post-2230","page","type-page","status-publish","hentry"],"yoast_head":"<!-- This site is optimized with the Yoast SEO plugin v27.4 - https:\/\/yoast.com\/product\/yoast-seo-wordpress\/ -->\n<title>Kontakt dla medi\u00f3w - Relacje inwestorskie Kino Polska<\/title>\n<meta name=\"description\" content=\"Kontakt dla medi\u00f3w. Wi\u0119cej informacji na oficjalnej stronie. Sprawd\u017a tutaj.\" \/>\n<meta name=\"robots\" content=\"index, follow, max-snippet:-1, max-image-preview:large, max-video-preview:-1\" \/>\n<link rel=\"canonical\" href=\"https:\/\/relacjeinwestorskie.kinopolska.pl\/en\/kontakt-dla-mediow\/\" \/>\n<meta property=\"og:locale\" content=\"en_US\" \/>\n<meta property=\"og:type\" content=\"article\" \/>\n<meta property=\"og:title\" content=\"Kontakt dla medi\u00f3w - Relacje inwestorskie Kino Polska\" \/>\n<meta property=\"og:description\" content=\"Kontakt dla medi\u00f3w. Wi\u0119cej informacji na oficjalnej stronie. Sprawd\u017a tutaj.\" \/>\n<meta property=\"og:url\" content=\"https:\/\/relacjeinwestorskie.kinopolska.pl\/en\/kontakt-dla-mediow\/\" \/>\n<meta property=\"og:site_name\" content=\"Relacje inwestorskie - Kino Polska\" \/>\n<meta property=\"article:modified_time\" content=\"2020-07-10T06:33:42+00:00\" \/>\n<meta name=\"twitter:card\" content=\"summary_large_image\" \/>\n<script type=\"application\/ld+json\" class=\"yoast-schema-graph\">{\"@context\":\"https:\\\/\\\/schema.org\",\"@graph\":[{\"@type\":\"WebPage\",\"@id\":\"https:\\\/\\\/relacjeinwestorskie.kinopolska.pl\\\/kontakt-dla-mediow\\\/\",\"url\":\"https:\\\/\\\/relacjeinwestorskie.kinopolska.pl\\\/kontakt-dla-mediow\\\/\",\"name\":\"Kontakt dla medi\u00f3w - Relacje inwestorskie Kino Polska\",\"isPartOf\":{\"@id\":\"https:\\\/\\\/relacjeinwestorskie.kinopolska.pl\\\/#website\"},\"datePublished\":\"2020-04-10T09:33:30+00:00\",\"dateModified\":\"2020-07-10T06:33:42+00:00\",\"description\":\"Kontakt dla medi\u00f3w. Wi\u0119cej informacji na oficjalnej stronie. Sprawd\u017a tutaj.\",\"breadcrumb\":{\"@id\":\"https:\\\/\\\/relacjeinwestorskie.kinopolska.pl\\\/kontakt-dla-mediow\\\/#breadcrumb\"},\"inLanguage\":\"en-US\",\"potentialAction\":[{\"@type\":\"ReadAction\",\"target\":[\"https:\\\/\\\/relacjeinwestorskie.kinopolska.pl\\\/kontakt-dla-mediow\\\/\"]}]},{\"@type\":\"BreadcrumbList\",\"@id\":\"https:\\\/\\\/relacjeinwestorskie.kinopolska.pl\\\/kontakt-dla-mediow\\\/#breadcrumb\",\"itemListElement\":[{\"@type\":\"ListItem\",\"position\":1,\"name\":\"Strona g\u0142\u00f3wna\",\"item\":\"https:\\\/\\\/relacjeinwestorskie.kinopolska.pl\\\/\"},{\"@type\":\"ListItem\",\"position\":2,\"name\":\"Kontakt dla medi\u00f3w\"}]},{\"@type\":\"WebSite\",\"@id\":\"https:\\\/\\\/relacjeinwestorskie.kinopolska.pl\\\/#website\",\"url\":\"https:\\\/\\\/relacjeinwestorskie.kinopolska.pl\\\/\",\"name\":\"Relacje inwestorskie - Kino Polska\",\"description\":\"Kolejna witryna sieci &#8222;Kino Polska - Telewizja dla 38 milion\u00f3w Polak\u00f3w Witryn&#8221;\",\"potentialAction\":[{\"@type\":\"SearchAction\",\"target\":{\"@type\":\"EntryPoint\",\"urlTemplate\":\"https:\\\/\\\/relacjeinwestorskie.kinopolska.pl\\\/?s={search_term_string}\"},\"query-input\":{\"@type\":\"PropertyValueSpecification\",\"valueRequired\":true,\"valueName\":\"search_term_string\"}}],\"inLanguage\":\"en-US\"}]}<\/script>\n<!-- \/ Yoast SEO plugin. -->","yoast_head_json":{"title":"Kontakt dla medi\u00f3w - Relacje inwestorskie Kino Polska","description":"Kontakt dla medi\u00f3w. Wi\u0119cej informacji na oficjalnej stronie. Sprawd\u017a tutaj.","robots":{"index":"index","follow":"follow","max-snippet":"max-snippet:-1","max-image-preview":"max-image-preview:large","max-video-preview":"max-video-preview:-1"},"canonical":"https:\/\/relacjeinwestorskie.kinopolska.pl\/en\/kontakt-dla-mediow\/","og_locale":"en_US","og_type":"article","og_title":"Kontakt dla medi\u00f3w - Relacje inwestorskie Kino Polska","og_description":"Kontakt dla medi\u00f3w. Wi\u0119cej informacji na oficjalnej stronie. Sprawd\u017a tutaj.","og_url":"https:\/\/relacjeinwestorskie.kinopolska.pl\/en\/kontakt-dla-mediow\/","og_site_name":"Relacje inwestorskie - Kino Polska","article_modified_time":"2020-07-10T06:33:42+00:00","twitter_card":"summary_large_image","schema":{"@context":"https:\/\/schema.org","@graph":[{"@type":"WebPage","@id":"https:\/\/relacjeinwestorskie.kinopolska.pl\/kontakt-dla-mediow\/","url":"https:\/\/relacjeinwestorskie.kinopolska.pl\/kontakt-dla-mediow\/","name":"Kontakt dla medi\u00f3w - Relacje inwestorskie Kino Polska","isPartOf":{"@id":"https:\/\/relacjeinwestorskie.kinopolska.pl\/#website"},"datePublished":"2020-04-10T09:33:30+00:00","dateModified":"2020-07-10T06:33:42+00:00","description":"Kontakt dla medi\u00f3w. Wi\u0119cej informacji na oficjalnej stronie. Sprawd\u017a tutaj.","breadcrumb":{"@id":"https:\/\/relacjeinwestorskie.kinopolska.pl\/kontakt-dla-mediow\/#breadcrumb"},"inLanguage":"en-US","potentialAction":[{"@type":"ReadAction","target":["https:\/\/relacjeinwestorskie.kinopolska.pl\/kontakt-dla-mediow\/"]}]},{"@type":"BreadcrumbList","@id":"https:\/\/relacjeinwestorskie.kinopolska.pl\/kontakt-dla-mediow\/#breadcrumb","itemListElement":[{"@type":"ListItem","position":1,"name":"Strona g\u0142\u00f3wna","item":"https:\/\/relacjeinwestorskie.kinopolska.pl\/"},{"@type":"ListItem","position":2,"name":"Kontakt dla medi\u00f3w"}]},{"@type":"WebSite","@id":"https:\/\/relacjeinwestorskie.kinopolska.pl\/#website","url":"https:\/\/relacjeinwestorskie.kinopolska.pl\/","name":"Relacje inwestorskie - Kino Polska","description":"Kolejna witryna sieci &#8222;Kino Polska - Telewizja dla 38 milion\u00f3w Polak\u00f3w Witryn&#8221;","potentialAction":[{"@type":"SearchAction","target":{"@type":"EntryPoint","urlTemplate":"https:\/\/relacjeinwestorskie.kinopolska.pl\/?s={search_term_string}"},"query-input":{"@type":"PropertyValueSpecification","valueRequired":true,"valueName":"search_term_string"}}],"inLanguage":"en-US"}]}},"_links":{"self":[{"href":"https:\/\/relacjeinwestorskie.kinopolska.pl\/en\/wp-json\/wp\/v2\/pages\/2230","targetHints":{"allow":["GET"]}}],"collection":[{"href":"https:\/\/relacjeinwestorskie.kinopolska.pl\/en\/wp-json\/wp\/v2\/pages"}],"about":[{"href":"https:\/\/relacjeinwestorskie.kinopolska.pl\/en\/wp-json\/wp\/v2\/types\/page"}],"author":[{"embeddable":true,"href":"https:\/\/relacjeinwestorskie.kinopolska.pl\/en\/wp-json\/wp\/v2\/users\/2"}],"replies":[{"embeddable":true,"href":"https:\/\/relacjeinwestorskie.kinopolska.pl\/en\/wp-json\/wp\/v2\/comments?post=2230"}],"version-history":[{"count":0,"href":"https:\/\/relacjeinwestorskie.kinopolska.pl\/en\/wp-json\/wp\/v2\/pages\/2230\/revisions"}],"wp:attachment":[{"href":"https:\/\/relacjeinwestorskie.kinopolska.pl\/en\/wp-json\/wp\/v2\/media?parent=2230"}],"curies":[{"name":"wp","href":"https:\/\/api.w.org\/{rel}","templated":true}]}}