{"id":2505,"date":"2020-05-07T23:54:20","date_gmt":"2020-05-07T21:54:20","guid":{"rendered":"https:\/\/relacjeinwestorskie.beta.kinotv.pl\/?page_id=2505"},"modified":"2020-07-10T08:35:55","modified_gmt":"2020-07-10T06:35:55","slug":"centrum-wynikow","status":"publish","type":"page","link":"https:\/\/relacjeinwestorskie.kinopolska.pl\/en\/centrum-wynikow\/","title":{"rendered":"Centrum wynik\u00f3w"},"content":{"rendered":"","protected":false},"excerpt":{"rendered":"","protected":false},"author":2,"featured_media":0,"parent":0,"menu_order":0,"comment_status":"closed","ping_status":"closed","template":"template-static.php","meta":{"footnotes":""},"class_list":["post-2505","page","type-page","status-publish","hentry"],"yoast_head":"<!-- This site is optimized with the Yoast SEO plugin v27.4 - https:\/\/yoast.com\/product\/yoast-seo-wordpress\/ -->\n<title>Kluczowe informacje - Relacje inwestorskie Kino Polska<\/title>\n<meta name=\"description\" content=\"Centrum wynik\u00f3w. Wi\u0119cej informacji na oficjalnej stronie. Sprawd\u017a tutaj.\" \/>\n<meta name=\"robots\" content=\"index, follow, max-snippet:-1, max-image-preview:large, max-video-preview:-1\" \/>\n<link rel=\"canonical\" href=\"https:\/\/relacjeinwestorskie.kinopolska.pl\/en\/centrum-wynikow\/\" \/>\n<meta property=\"og:locale\" content=\"en_US\" \/>\n<meta property=\"og:type\" content=\"article\" \/>\n<meta property=\"og:title\" content=\"Kluczowe informacje - Relacje inwestorskie Kino Polska\" \/>\n<meta property=\"og:description\" content=\"Centrum wynik\u00f3w. Wi\u0119cej informacji na oficjalnej stronie. Sprawd\u017a tutaj.\" \/>\n<meta property=\"og:url\" content=\"https:\/\/relacjeinwestorskie.kinopolska.pl\/en\/centrum-wynikow\/\" \/>\n<meta property=\"og:site_name\" content=\"Relacje inwestorskie - Kino Polska\" \/>\n<meta property=\"article:modified_time\" content=\"2020-07-10T06:35:55+00:00\" \/>\n<meta name=\"twitter:card\" content=\"summary_large_image\" \/>\n<script type=\"application\/ld+json\" class=\"yoast-schema-graph\">{\"@context\":\"https:\\\/\\\/schema.org\",\"@graph\":[{\"@type\":\"WebPage\",\"@id\":\"https:\\\/\\\/relacjeinwestorskie.kinopolska.pl\\\/centrum-wynikow\\\/\",\"url\":\"https:\\\/\\\/relacjeinwestorskie.kinopolska.pl\\\/centrum-wynikow\\\/\",\"name\":\"Kluczowe informacje - Relacje inwestorskie Kino Polska\",\"isPartOf\":{\"@id\":\"https:\\\/\\\/relacjeinwestorskie.kinopolska.pl\\\/#website\"},\"datePublished\":\"2020-05-07T21:54:20+00:00\",\"dateModified\":\"2020-07-10T06:35:55+00:00\",\"description\":\"Centrum wynik\u00f3w. Wi\u0119cej informacji na oficjalnej stronie. Sprawd\u017a tutaj.\",\"breadcrumb\":{\"@id\":\"https:\\\/\\\/relacjeinwestorskie.kinopolska.pl\\\/centrum-wynikow\\\/#breadcrumb\"},\"inLanguage\":\"en-US\",\"potentialAction\":[{\"@type\":\"ReadAction\",\"target\":[\"https:\\\/\\\/relacjeinwestorskie.kinopolska.pl\\\/centrum-wynikow\\\/\"]}]},{\"@type\":\"BreadcrumbList\",\"@id\":\"https:\\\/\\\/relacjeinwestorskie.kinopolska.pl\\\/centrum-wynikow\\\/#breadcrumb\",\"itemListElement\":[{\"@type\":\"ListItem\",\"position\":1,\"name\":\"Strona g\u0142\u00f3wna\",\"item\":\"https:\\\/\\\/relacjeinwestorskie.kinopolska.pl\\\/\"},{\"@type\":\"ListItem\",\"position\":2,\"name\":\"Centrum wynik\u00f3w\"}]},{\"@type\":\"WebSite\",\"@id\":\"https:\\\/\\\/relacjeinwestorskie.kinopolska.pl\\\/#website\",\"url\":\"https:\\\/\\\/relacjeinwestorskie.kinopolska.pl\\\/\",\"name\":\"Relacje inwestorskie - Kino Polska\",\"description\":\"Kolejna witryna sieci &#8222;Kino Polska - Telewizja dla 38 milion\u00f3w Polak\u00f3w Witryn&#8221;\",\"potentialAction\":[{\"@type\":\"SearchAction\",\"target\":{\"@type\":\"EntryPoint\",\"urlTemplate\":\"https:\\\/\\\/relacjeinwestorskie.kinopolska.pl\\\/?s={search_term_string}\"},\"query-input\":{\"@type\":\"PropertyValueSpecification\",\"valueRequired\":true,\"valueName\":\"search_term_string\"}}],\"inLanguage\":\"en-US\"}]}<\/script>\n<!-- \/ Yoast SEO plugin. -->","yoast_head_json":{"title":"Kluczowe informacje - Relacje inwestorskie Kino Polska","description":"Centrum wynik\u00f3w. Wi\u0119cej informacji na oficjalnej stronie. Sprawd\u017a tutaj.","robots":{"index":"index","follow":"follow","max-snippet":"max-snippet:-1","max-image-preview":"max-image-preview:large","max-video-preview":"max-video-preview:-1"},"canonical":"https:\/\/relacjeinwestorskie.kinopolska.pl\/en\/centrum-wynikow\/","og_locale":"en_US","og_type":"article","og_title":"Kluczowe informacje - Relacje inwestorskie Kino Polska","og_description":"Centrum wynik\u00f3w. Wi\u0119cej informacji na oficjalnej stronie. Sprawd\u017a tutaj.","og_url":"https:\/\/relacjeinwestorskie.kinopolska.pl\/en\/centrum-wynikow\/","og_site_name":"Relacje inwestorskie - Kino Polska","article_modified_time":"2020-07-10T06:35:55+00:00","twitter_card":"summary_large_image","schema":{"@context":"https:\/\/schema.org","@graph":[{"@type":"WebPage","@id":"https:\/\/relacjeinwestorskie.kinopolska.pl\/centrum-wynikow\/","url":"https:\/\/relacjeinwestorskie.kinopolska.pl\/centrum-wynikow\/","name":"Kluczowe informacje - Relacje inwestorskie Kino Polska","isPartOf":{"@id":"https:\/\/relacjeinwestorskie.kinopolska.pl\/#website"},"datePublished":"2020-05-07T21:54:20+00:00","dateModified":"2020-07-10T06:35:55+00:00","description":"Centrum wynik\u00f3w. Wi\u0119cej informacji na oficjalnej stronie. Sprawd\u017a tutaj.","breadcrumb":{"@id":"https:\/\/relacjeinwestorskie.kinopolska.pl\/centrum-wynikow\/#breadcrumb"},"inLanguage":"en-US","potentialAction":[{"@type":"ReadAction","target":["https:\/\/relacjeinwestorskie.kinopolska.pl\/centrum-wynikow\/"]}]},{"@type":"BreadcrumbList","@id":"https:\/\/relacjeinwestorskie.kinopolska.pl\/centrum-wynikow\/#breadcrumb","itemListElement":[{"@type":"ListItem","position":1,"name":"Strona g\u0142\u00f3wna","item":"https:\/\/relacjeinwestorskie.kinopolska.pl\/"},{"@type":"ListItem","position":2,"name":"Centrum wynik\u00f3w"}]},{"@type":"WebSite","@id":"https:\/\/relacjeinwestorskie.kinopolska.pl\/#website","url":"https:\/\/relacjeinwestorskie.kinopolska.pl\/","name":"Relacje inwestorskie - Kino Polska","description":"Kolejna witryna sieci &#8222;Kino Polska - Telewizja dla 38 milion\u00f3w Polak\u00f3w Witryn&#8221;","potentialAction":[{"@type":"SearchAction","target":{"@type":"EntryPoint","urlTemplate":"https:\/\/relacjeinwestorskie.kinopolska.pl\/?s={search_term_string}"},"query-input":{"@type":"PropertyValueSpecification","valueRequired":true,"valueName":"search_term_string"}}],"inLanguage":"en-US"}]}},"_links":{"self":[{"href":"https:\/\/relacjeinwestorskie.kinopolska.pl\/en\/wp-json\/wp\/v2\/pages\/2505","targetHints":{"allow":["GET"]}}],"collection":[{"href":"https:\/\/relacjeinwestorskie.kinopolska.pl\/en\/wp-json\/wp\/v2\/pages"}],"about":[{"href":"https:\/\/relacjeinwestorskie.kinopolska.pl\/en\/wp-json\/wp\/v2\/types\/page"}],"author":[{"embeddable":true,"href":"https:\/\/relacjeinwestorskie.kinopolska.pl\/en\/wp-json\/wp\/v2\/users\/2"}],"replies":[{"embeddable":true,"href":"https:\/\/relacjeinwestorskie.kinopolska.pl\/en\/wp-json\/wp\/v2\/comments?post=2505"}],"version-history":[{"count":0,"href":"https:\/\/relacjeinwestorskie.kinopolska.pl\/en\/wp-json\/wp\/v2\/pages\/2505\/revisions"}],"wp:attachment":[{"href":"https:\/\/relacjeinwestorskie.kinopolska.pl\/en\/wp-json\/wp\/v2\/media?parent=2505"}],"curies":[{"name":"wp","href":"https:\/\/api.w.org\/{rel}","templated":true}]}}